{"id":13,"date":"2022-02-15T11:37:17","date_gmt":"2022-02-15T10:37:17","guid":{"rendered":"https:\/\/eqossphere.eu\/?page_id=13"},"modified":"2022-02-17T03:32:16","modified_gmt":"2022-02-17T02:32:16","slug":"offre-de-services","status":"publish","type":"page","link":"https:\/\/eqossphere.eu\/index.php\/offre-de-services\/","title":{"rendered":"Offre de Services"},"content":{"rendered":"\n<figure class=\"wp-block-gallery has-nested-images columns-default is-cropped wp-block-gallery-1 is-layout-flex wp-block-gallery-is-layout-flex\">\n<figure class=\"wp-block-image size-large\"><img loading=\"lazy\" decoding=\"async\" width=\"636\" height=\"900\" data-id=\"242\" src=\"https:\/\/eqossphere.eu\/wp-content\/uploads\/2022\/02\/Cabling-Folder-008.jpg\" alt=\"\" class=\"wp-image-242\" srcset=\"https:\/\/eqossphere.eu\/wp-content\/uploads\/2022\/02\/Cabling-Folder-008.jpg 636w, https:\/\/eqossphere.eu\/wp-content\/uploads\/2022\/02\/Cabling-Folder-008-212x300.jpg 212w\" sizes=\"auto, (max-width: 636px) 100vw, 636px\" \/><\/figure>\n\n\n\n<figure class=\"wp-block-image size-large\"><img loading=\"lazy\" decoding=\"async\" width=\"638\" height=\"903\" data-id=\"241\" src=\"https:\/\/eqossphere.eu\/wp-content\/uploads\/2022\/02\/RAS-Folder-005.jpg\" alt=\"\" class=\"wp-image-241\" srcset=\"https:\/\/eqossphere.eu\/wp-content\/uploads\/2022\/02\/RAS-Folder-005.jpg 638w, https:\/\/eqossphere.eu\/wp-content\/uploads\/2022\/02\/RAS-Folder-005-212x300.jpg 212w\" sizes=\"auto, (max-width: 638px) 100vw, 638px\" \/><\/figure>\n\n\n\n<figure class=\"wp-block-image size-large\"><img loading=\"lazy\" decoding=\"async\" width=\"636\" height=\"903\" data-id=\"243\" src=\"https:\/\/eqossphere.eu\/wp-content\/uploads\/2022\/02\/Telephony-Folder-007.jpg\" alt=\"\" class=\"wp-image-243\" srcset=\"https:\/\/eqossphere.eu\/wp-content\/uploads\/2022\/02\/Telephony-Folder-007.jpg 636w, https:\/\/eqossphere.eu\/wp-content\/uploads\/2022\/02\/Telephony-Folder-007-211x300.jpg 211w\" sizes=\"auto, (max-width: 636px) 100vw, 636px\" \/><\/figure>\n\n\n\n<figure class=\"wp-block-image size-large\"><img loading=\"lazy\" decoding=\"async\" width=\"637\" height=\"899\" data-id=\"246\" src=\"https:\/\/eqossphere.eu\/wp-content\/uploads\/2022\/02\/Health-Check-Folder-003.jpg\" alt=\"\" class=\"wp-image-246\" srcset=\"https:\/\/eqossphere.eu\/wp-content\/uploads\/2022\/02\/Health-Check-Folder-003.jpg 637w, https:\/\/eqossphere.eu\/wp-content\/uploads\/2022\/02\/Health-Check-Folder-003-213x300.jpg 213w\" sizes=\"auto, (max-width: 637px) 100vw, 637px\" \/><\/figure>\n\n\n\n<figure class=\"wp-block-image size-large\"><img loading=\"lazy\" decoding=\"async\" width=\"636\" height=\"901\" data-id=\"245\" src=\"https:\/\/eqossphere.eu\/wp-content\/uploads\/2022\/02\/Security-Folder-006.jpg\" alt=\"\" class=\"wp-image-245\" srcset=\"https:\/\/eqossphere.eu\/wp-content\/uploads\/2022\/02\/Security-Folder-006.jpg 636w, https:\/\/eqossphere.eu\/wp-content\/uploads\/2022\/02\/Security-Folder-006-212x300.jpg 212w\" sizes=\"auto, (max-width: 636px) 100vw, 636px\" \/><\/figure>\n\n\n\n<figure class=\"wp-block-image size-large\"><img loading=\"lazy\" decoding=\"async\" width=\"636\" height=\"901\" data-id=\"244\" src=\"https:\/\/eqossphere.eu\/wp-content\/uploads\/2022\/02\/Wireless-Folder-002.jpg\" alt=\"\" class=\"wp-image-244\" srcset=\"https:\/\/eqossphere.eu\/wp-content\/uploads\/2022\/02\/Wireless-Folder-002.jpg 636w, https:\/\/eqossphere.eu\/wp-content\/uploads\/2022\/02\/Wireless-Folder-002-212x300.jpg 212w\" sizes=\"auto, (max-width: 636px) 100vw, 636px\" \/><\/figure>\n\n\n\n<figure class=\"wp-block-image size-large\"><img loading=\"lazy\" decoding=\"async\" width=\"602\" height=\"857\" data-id=\"275\" src=\"https:\/\/eqossphere.eu\/wp-content\/uploads\/2022\/02\/Audit-Reseau-Folder-001-1.jpg\" alt=\"\" class=\"wp-image-275\" srcset=\"https:\/\/eqossphere.eu\/wp-content\/uploads\/2022\/02\/Audit-Reseau-Folder-001-1.jpg 602w, https:\/\/eqossphere.eu\/wp-content\/uploads\/2022\/02\/Audit-Reseau-Folder-001-1-211x300.jpg 211w\" sizes=\"auto, (max-width: 602px) 100vw, 602px\" \/><\/figure>\n\n\n\n<figure class=\"wp-block-image size-large\"><img loading=\"lazy\" decoding=\"async\" width=\"637\" height=\"902\" data-id=\"276\" src=\"https:\/\/eqossphere.eu\/wp-content\/uploads\/2022\/02\/Connectivity-Folder-001-1.jpg\" alt=\"\" class=\"wp-image-276\" srcset=\"https:\/\/eqossphere.eu\/wp-content\/uploads\/2022\/02\/Connectivity-Folder-001-1.jpg 637w, https:\/\/eqossphere.eu\/wp-content\/uploads\/2022\/02\/Connectivity-Folder-001-1-212x300.jpg 212w\" sizes=\"auto, (max-width: 637px) 100vw, 637px\" \/><\/figure>\n<\/figure>\n\n\n\n<p>Lorsque l&#8217;infrastructure IT n&#8217;est pas maitris\u00e9e, l&#8217;audit r\u00e9seau constitue la meilleure alternative afin de d\u00e9finir un \u00e9tat des lieux. Ce que l&#8217;on r\u00e9alise par un CheckUp quand notre corps pr\u00e9sente des probl\u00e8mes sans r\u00e9ponse. Nous pr\u00e9sentons les r\u00e9sultats de notre analyse heuristique, \u00e0 l&#8217;aide d&#8217;une pr\u00e9sentation PowerPoint, argument\u00e9e et orient\u00e9e solution.<\/p>\n","protected":false},"excerpt":{"rendered":"<p>Lorsque l&#8217;infrastructure IT n&#8217;est pas maitris\u00e9e, l&#8217;audit r\u00e9seau constitue la meilleure alternative afin de d\u00e9finir un \u00e9tat des lieux. Ce que l&#8217;on r\u00e9alise par un CheckUp quand notre corps pr\u00e9sente des probl\u00e8mes sans r\u00e9ponse. Nous pr\u00e9sentons les r\u00e9sultats de notre analyse heuristique, \u00e0 l&#8217;aide d&#8217;une pr\u00e9sentation PowerPoint, argument\u00e9e et orient\u00e9e solution.<\/p>\n","protected":false},"author":1,"featured_media":0,"parent":0,"menu_order":0,"comment_status":"closed","ping_status":"closed","template":"","meta":{"om_disable_all_campaigns":false,"_monsterinsights_skip_tracking":false,"_monsterinsights_sitenote_active":false,"_monsterinsights_sitenote_note":"","_monsterinsights_sitenote_category":0,"footnotes":""},"class_list":["post-13","page","type-page","status-publish","hentry"],"aioseo_notices":[],"_links":{"self":[{"href":"https:\/\/eqossphere.eu\/index.php\/wp-json\/wp\/v2\/pages\/13","targetHints":{"allow":["GET"]}}],"collection":[{"href":"https:\/\/eqossphere.eu\/index.php\/wp-json\/wp\/v2\/pages"}],"about":[{"href":"https:\/\/eqossphere.eu\/index.php\/wp-json\/wp\/v2\/types\/page"}],"author":[{"embeddable":true,"href":"https:\/\/eqossphere.eu\/index.php\/wp-json\/wp\/v2\/users\/1"}],"replies":[{"embeddable":true,"href":"https:\/\/eqossphere.eu\/index.php\/wp-json\/wp\/v2\/comments?post=13"}],"version-history":[{"count":3,"href":"https:\/\/eqossphere.eu\/index.php\/wp-json\/wp\/v2\/pages\/13\/revisions"}],"predecessor-version":[{"id":278,"href":"https:\/\/eqossphere.eu\/index.php\/wp-json\/wp\/v2\/pages\/13\/revisions\/278"}],"wp:attachment":[{"href":"https:\/\/eqossphere.eu\/index.php\/wp-json\/wp\/v2\/media?parent=13"}],"curies":[{"name":"wp","href":"https:\/\/api.w.org\/{rel}","templated":true}]}}