{"id":286,"date":"2022-02-17T04:26:41","date_gmt":"2022-02-17T03:26:41","guid":{"rendered":"https:\/\/eqossphere.eu\/?page_id=286"},"modified":"2022-03-01T17:50:38","modified_gmt":"2022-03-01T16:50:38","slug":"kit-de-depart","status":"publish","type":"page","link":"https:\/\/eqossphere.eu\/index.php\/kit-de-depart\/","title":{"rendered":"Kit de d\u00e9part : PROTEGEZ VOUS des attaques !"},"content":{"rendered":"\n<p>Avant qu&#8217;il ne soit trop tard : Acqu\u00e9rir les composants de base qui permettront de vous prot\u00e9ger !<\/p>\n\n\n\n<p>Il ne suffit pas de disposer d&#8217;antivirus efficaces sur son ordinateur &#8230; ce qui constitue un minimum essentiel : c&#8217;est comme si vous aviez un v\u00e9hicule conforme aux prescriptions de s\u00e9curit\u00e9, mais que vous ne teniez pas compte de l&#8217;environnement ext\u00e9rieur ( routes, panneaux de signalisation, autres v\u00e9hicules, m\u00e9t\u00e9o, &#8230; ).<\/p>\n\n\n\n<figure class=\"wp-block-image size-full\"><img loading=\"lazy\" decoding=\"async\" width=\"785\" height=\"234\" src=\"https:\/\/eqossphere.eu\/wp-content\/uploads\/2022\/03\/20220301-Kit-002.jpg\" alt=\"\" class=\"wp-image-323\" srcset=\"https:\/\/eqossphere.eu\/wp-content\/uploads\/2022\/03\/20220301-Kit-002.jpg 785w, https:\/\/eqossphere.eu\/wp-content\/uploads\/2022\/03\/20220301-Kit-002-300x89.jpg 300w, https:\/\/eqossphere.eu\/wp-content\/uploads\/2022\/03\/20220301-Kit-002-768x229.jpg 768w\" sizes=\"auto, (max-width: 785px) 100vw, 785px\" \/><\/figure>\n\n\n\n<p>Notre Kit de d\u00e9part est constitu\u00e9 d&#8217;un syst\u00e8me de s\u00e9curit\u00e9 qui isolera votre r\u00e9seau de l&#8217;ext\u00e9rieur, mais identifiera en interne \u00e9galement les intrusions pour les bloquer de fa\u00e7on simple mais efficace. Ainsi que d&#8217;un point d&#8217;acc\u00e8s permettant la connectivit\u00e9 WiFi de la derni\u00e8re g\u00e9n\u00e9ration en 802.11ax.<\/p>\n\n\n\n<p>Vous pourrez ensuite adjoindre si vous le souhaitez des points d&#8217;acc\u00e8s WiFi (une vingtaine par exemple), cam\u00e9ras IP Full HD \/ 4K, la t\u00e9l\u00e9phonie IP, &#8230; avec une interface de visualisation performante (\u00e9galement sur votre smartphone). L&#8217;outil de supervision vous permettra de surveiller les applications, mais \u00e9galement de bloquer celles qui ne constituent pas votre business (Netflix, Torrent, &#8230; par exemple)<\/p>\n\n\n\n<figure class=\"wp-block-image size-full\"><img loading=\"lazy\" decoding=\"async\" width=\"661\" height=\"320\" src=\"https:\/\/eqossphere.eu\/wp-content\/uploads\/2022\/03\/20220301-Kit-001.jpg\" alt=\"\" class=\"wp-image-324\" srcset=\"https:\/\/eqossphere.eu\/wp-content\/uploads\/2022\/03\/20220301-Kit-001.jpg 661w, https:\/\/eqossphere.eu\/wp-content\/uploads\/2022\/03\/20220301-Kit-001-300x145.jpg 300w\" sizes=\"auto, (max-width: 661px) 100vw, 661px\" \/><\/figure>\n\n\n\n<p><strong>La seule limite sera votre imagination : nous nous chargeons du reste !<\/strong><\/p>\n\n\n\n<p>N&#8217;attendez pas !<\/p>\n\n\n\n<figure class=\"wp-block-image size-medium is-style-rounded\"><img loading=\"lazy\" decoding=\"async\" width=\"300\" height=\"261\" src=\"https:\/\/eqossphere.eu\/wp-content\/uploads\/2022\/02\/Security-Iceberg-300x261.jpg\" alt=\"\" class=\"wp-image-288\" srcset=\"https:\/\/eqossphere.eu\/wp-content\/uploads\/2022\/02\/Security-Iceberg-300x261.jpg 300w, https:\/\/eqossphere.eu\/wp-content\/uploads\/2022\/02\/Security-Iceberg-1024x890.jpg 1024w, https:\/\/eqossphere.eu\/wp-content\/uploads\/2022\/02\/Security-Iceberg-768x667.jpg 768w, https:\/\/eqossphere.eu\/wp-content\/uploads\/2022\/02\/Security-Iceberg.jpg 1067w\" sizes=\"auto, (max-width: 300px) 100vw, 300px\" \/><figcaption>Connaissez vous votre r\u00e9seau ?<\/figcaption><\/figure>\n","protected":false},"excerpt":{"rendered":"<p>Avant qu&#8217;il ne soit trop tard : Acqu\u00e9rir les composants de base qui permettront de vous prot\u00e9ger ! Il ne suffit pas de disposer d&#8217;antivirus efficaces sur son ordinateur &#8230; ce qui constitue un minimum essentiel : c&#8217;est comme si vous aviez un v\u00e9hicule conforme aux prescriptions de s\u00e9curit\u00e9, mais que vous ne teniez pas [&hellip;]<\/p>\n","protected":false},"author":1,"featured_media":0,"parent":0,"menu_order":0,"comment_status":"closed","ping_status":"closed","template":"","meta":{"om_disable_all_campaigns":false,"_monsterinsights_skip_tracking":false,"_monsterinsights_sitenote_active":false,"_monsterinsights_sitenote_note":"","_monsterinsights_sitenote_category":0,"footnotes":""},"class_list":["post-286","page","type-page","status-publish","hentry"],"aioseo_notices":[],"_links":{"self":[{"href":"https:\/\/eqossphere.eu\/index.php\/wp-json\/wp\/v2\/pages\/286","targetHints":{"allow":["GET"]}}],"collection":[{"href":"https:\/\/eqossphere.eu\/index.php\/wp-json\/wp\/v2\/pages"}],"about":[{"href":"https:\/\/eqossphere.eu\/index.php\/wp-json\/wp\/v2\/types\/page"}],"author":[{"embeddable":true,"href":"https:\/\/eqossphere.eu\/index.php\/wp-json\/wp\/v2\/users\/1"}],"replies":[{"embeddable":true,"href":"https:\/\/eqossphere.eu\/index.php\/wp-json\/wp\/v2\/comments?post=286"}],"version-history":[{"count":2,"href":"https:\/\/eqossphere.eu\/index.php\/wp-json\/wp\/v2\/pages\/286\/revisions"}],"predecessor-version":[{"id":325,"href":"https:\/\/eqossphere.eu\/index.php\/wp-json\/wp\/v2\/pages\/286\/revisions\/325"}],"wp:attachment":[{"href":"https:\/\/eqossphere.eu\/index.php\/wp-json\/wp\/v2\/media?parent=286"}],"curies":[{"name":"wp","href":"https:\/\/api.w.org\/{rel}","templated":true}]}}