{"id":8,"date":"2022-02-15T11:37:17","date_gmt":"2022-02-15T10:37:17","guid":{"rendered":"https:\/\/eqossphere.eu\/?page_id=8"},"modified":"2022-02-16T17:57:26","modified_gmt":"2022-02-16T16:57:26","slug":"contact","status":"publish","type":"page","link":"https:\/\/eqossphere.eu\/index.php\/contact\/","title":{"rendered":"On parle de nous : PRESSE"},"content":{"rendered":"\n<p>La force de notre soci\u00e9t\u00e9, r\u00e9side dans notre exp\u00e9rience : EqosSphere est issue du savoir faire des mondes des R\u00e9seaux Locaux et des T\u00e9l\u00e9communications. Des clients comme Proximus (ex Belgacom), Agence Li\u00e9geoise de l&#8217;Electricit\u00e9 (ALE), Colt TELECOM, EQUANT, Bank of NY, SODEXO, Le Th\u00e9\u00e2tre Royal de La Monnaie, &#8230; ont fa\u00e7onn\u00e9s nos ing\u00e9nieurs.<\/p>\n\n\n\n<figure class=\"wp-block-image size-large\"><img loading=\"lazy\" decoding=\"async\" width=\"1024\" height=\"699\" src=\"https:\/\/eqossphere.eu\/wp-content\/uploads\/2022\/02\/20220215-Folder-001-3-1024x699.jpg\" alt=\"\" class=\"wp-image-252\" srcset=\"https:\/\/eqossphere.eu\/wp-content\/uploads\/2022\/02\/20220215-Folder-001-3-1024x699.jpg 1024w, https:\/\/eqossphere.eu\/wp-content\/uploads\/2022\/02\/20220215-Folder-001-3-300x205.jpg 300w, https:\/\/eqossphere.eu\/wp-content\/uploads\/2022\/02\/20220215-Folder-001-3-768x525.jpg 768w, https:\/\/eqossphere.eu\/wp-content\/uploads\/2022\/02\/20220215-Folder-001-3.jpg 1306w\" sizes=\"auto, (max-width: 1024px) 100vw, 1024px\" \/><figcaption>Journal : L&#8217;Avenir 2017<\/figcaption><\/figure>\n\n\n\n<figure class=\"wp-block-image size-full\"><img loading=\"lazy\" decoding=\"async\" width=\"906\" height=\"710\" src=\"https:\/\/eqossphere.eu\/wp-content\/uploads\/2022\/02\/EqosSphere-Projet-STIB-PULSAR-1.jpg\" alt=\"\" class=\"wp-image-254\" srcset=\"https:\/\/eqossphere.eu\/wp-content\/uploads\/2022\/02\/EqosSphere-Projet-STIB-PULSAR-1.jpg 906w, https:\/\/eqossphere.eu\/wp-content\/uploads\/2022\/02\/EqosSphere-Projet-STIB-PULSAR-1-300x235.jpg 300w, https:\/\/eqossphere.eu\/wp-content\/uploads\/2022\/02\/EqosSphere-Projet-STIB-PULSAR-1-768x602.jpg 768w\" sizes=\"auto, (max-width: 906px) 100vw, 906px\" \/><figcaption>CCI 2011<\/figcaption><\/figure>\n\n\n\n<figure class=\"wp-block-image size-full\"><img loading=\"lazy\" decoding=\"async\" width=\"792\" height=\"291\" src=\"https:\/\/eqossphere.eu\/wp-content\/uploads\/2022\/02\/20220215-Folder-002-2.jpg\" alt=\"\" class=\"wp-image-255\" srcset=\"https:\/\/eqossphere.eu\/wp-content\/uploads\/2022\/02\/20220215-Folder-002-2.jpg 792w, https:\/\/eqossphere.eu\/wp-content\/uploads\/2022\/02\/20220215-Folder-002-2-300x110.jpg 300w, https:\/\/eqossphere.eu\/wp-content\/uploads\/2022\/02\/20220215-Folder-002-2-768x282.jpg 768w\" sizes=\"auto, (max-width: 792px) 100vw, 792px\" \/><figcaption>CCI 2006<\/figcaption><\/figure>\n\n\n\n<figure class=\"wp-block-image size-large\"><img loading=\"lazy\" decoding=\"async\" width=\"739\" height=\"1024\" src=\"https:\/\/eqossphere.eu\/wp-content\/uploads\/2022\/02\/Etat-de-sante-739x1024.jpg\" alt=\"\" class=\"wp-image-256\" srcset=\"https:\/\/eqossphere.eu\/wp-content\/uploads\/2022\/02\/Etat-de-sante-739x1024.jpg 739w, https:\/\/eqossphere.eu\/wp-content\/uploads\/2022\/02\/Etat-de-sante-217x300.jpg 217w, https:\/\/eqossphere.eu\/wp-content\/uploads\/2022\/02\/Etat-de-sante-768x1064.jpg 768w, https:\/\/eqossphere.eu\/wp-content\/uploads\/2022\/02\/Etat-de-sante-1109x1536.jpg 1109w, https:\/\/eqossphere.eu\/wp-content\/uploads\/2022\/02\/Etat-de-sante-1478x2048.jpg 1478w, https:\/\/eqossphere.eu\/wp-content\/uploads\/2022\/02\/Etat-de-sante-scaled.jpg 1848w\" sizes=\"auto, (max-width: 739px) 100vw, 739px\" \/><figcaption>CCI 2007<\/figcaption><\/figure>\n","protected":false},"excerpt":{"rendered":"<p>La force de notre soci\u00e9t\u00e9, r\u00e9side dans notre exp\u00e9rience : EqosSphere est issue du savoir faire des mondes des R\u00e9seaux Locaux et des T\u00e9l\u00e9communications. Des clients comme Proximus (ex Belgacom), Agence Li\u00e9geoise de l&#8217;Electricit\u00e9 (ALE), Colt TELECOM, EQUANT, Bank of NY, SODEXO, Le Th\u00e9\u00e2tre Royal de La Monnaie, &#8230; ont fa\u00e7onn\u00e9s nos ing\u00e9nieurs.<\/p>\n","protected":false},"author":1,"featured_media":0,"parent":0,"menu_order":0,"comment_status":"closed","ping_status":"closed","template":"","meta":{"om_disable_all_campaigns":false,"_monsterinsights_skip_tracking":false,"_monsterinsights_sitenote_active":false,"_monsterinsights_sitenote_note":"","_monsterinsights_sitenote_category":0,"footnotes":""},"class_list":["post-8","page","type-page","status-publish","hentry"],"aioseo_notices":[],"_links":{"self":[{"href":"https:\/\/eqossphere.eu\/index.php\/wp-json\/wp\/v2\/pages\/8","targetHints":{"allow":["GET"]}}],"collection":[{"href":"https:\/\/eqossphere.eu\/index.php\/wp-json\/wp\/v2\/pages"}],"about":[{"href":"https:\/\/eqossphere.eu\/index.php\/wp-json\/wp\/v2\/types\/page"}],"author":[{"embeddable":true,"href":"https:\/\/eqossphere.eu\/index.php\/wp-json\/wp\/v2\/users\/1"}],"replies":[{"embeddable":true,"href":"https:\/\/eqossphere.eu\/index.php\/wp-json\/wp\/v2\/comments?post=8"}],"version-history":[{"count":4,"href":"https:\/\/eqossphere.eu\/index.php\/wp-json\/wp\/v2\/pages\/8\/revisions"}],"predecessor-version":[{"id":258,"href":"https:\/\/eqossphere.eu\/index.php\/wp-json\/wp\/v2\/pages\/8\/revisions\/258"}],"wp:attachment":[{"href":"https:\/\/eqossphere.eu\/index.php\/wp-json\/wp\/v2\/media?parent=8"}],"curies":[{"name":"wp","href":"https:\/\/api.w.org\/{rel}","templated":true}]}}